{"id":158,"date":"2023-02-16T17:15:18","date_gmt":"2023-02-16T16:15:18","guid":{"rendered":"https:\/\/orazionisantabrigida.com\/osb\/?page_id=158"},"modified":"2023-02-18T14:43:03","modified_gmt":"2023-02-18T13:43:03","slug":"faq","status":"publish","type":"page","link":"https:\/\/orazionisantabrigida.com\/osb\/faq\/","title":{"rendered":"FAQ &#8211; Risposte a domande frequenti"},"content":{"rendered":"\n<p>Risposte a domande frequenti sulle Orazioni di S. Brigida. <br><em>La sezione \u00e8 in aggiornamento<\/em><\/p>\n\n\n\n<div class=\"wp-block-meowapps-faq meow-faq-block\"><input type=\"checkbox\" id=\"h2gt2mtmb\" name=\"h2gt2mtmb\"\/><label class=\"meow-faq-question\" for=\"h2gt2mtmb\">Cosa sono e come si recitano le Orazioni di S. Brigida<\/label><div class=\"meow-tab-answer\"><div class=\"meow-tab-content\">Le Orazioni di S. Brigida sono preghiere incentrate sulla Passione di Nostro Signore. Si articolano in 15 orazioni, ciascuna delle quali seguita dalla recita di un Padre Nostro e di un\u2019Ave Maria. Al termine delle quindici orazioni \u00e8 prevista la recita di una preghiera finale.<br\/>\u00a0<br\/>\u00c8 raccomandata la recita delle 15 orazioni ogni giorno, per almeno un anno.<br\/>\u00a0<br\/>La tradizione tramanda che S. Brigida desiderasse conoscere il numero dei colpi che nostro Signore aveva ricevuto durante la sua Passione. Ges\u00f9 le apparve dicendole: \u00ab<em>Figlia mia, ho ricevuto sul mio corpo 5480 colpi. Se tu vorrai onorarli, dirai 15 Pater e 15 Ave con le orazioni seguenti, durante un anno. Trascorso l\u2019anno avrai salutato ognuna delle mie piaghe<\/em>\u00bb.<br\/><br\/><a href=\"https:\/\/orazionisantabrigida.com\/osb\/orazioni-di-s-brigida\/\">Vai alle Orazioni di S. Brigida<\/a><\/div><\/div><\/div>\n\n\n\n<div class=\"wp-block-meowapps-faq meow-faq-block\"><input type=\"checkbox\" id=\"xrlpfeleu\" name=\"xrlpfeleu\"\/><label class=\"meow-faq-question\" for=\"xrlpfeleu\">Quale atteggiamento bisogna tenere nella recita delle Orazioni di S. Brigida?<\/label><div class=\"meow-tab-answer\"><div class=\"meow-tab-content\">Come ogni preghiera, occorre una disposizione della mente (concentrazione sulla preghiera recitata), del corpo (atteggiamento adatto alla preghiera e luogo\/circostanze adatte) e del cuore (la preghiera non \u00e8 finalizzata a se stessa, ma \u00e8 un mezzo per ottenere la pi\u00f9 intima unione con Dio: da qui la necessit\u00e0 di pregare \u201ccon il cuore\u201d).<br\/><br\/><a href=\"https:\/\/orazionisantabrigida.com\/osb\/orazioni-di-s-brigida\/\">Vai alle Orazioni di S. Brigida<\/a><\/div><\/div><\/div>\n\n\n\n<div class=\"wp-block-meowapps-faq meow-faq-block\"><input type=\"checkbox\" id=\"qj3qeroxh\" name=\"qj3qeroxh\"\/><label class=\"meow-faq-question\" for=\"qj3qeroxh\">Vi sono delle &#8220;promesse&#8221; legate alla recita delle Orazioni?<\/label><div class=\"meow-tab-answer\"><div class=\"meow-tab-content\">S\u00ec, tuttavia <strong>tali promesse non sono state oggetto di approvazione da parte della Chiesa<\/strong>, al contrario delle Orazioni, che sono state approvate e la cui recita \u00e8 incoraggiata.<br\/><br\/>Proprio sulle &#8220;promesse&#8221; la congregazione della Dottrina della Fede nel 1954 ha emesso un comunicato, cos\u00ec tradotto dal latino:<br\/>\u201cin alcuni luoghi \u00e8 stato divulgato un certo opuscolo, dal titolo\u00a0<em>Segreto di felicit\u00e0 \u2013 15 preghiere rivelate dal Signore a Santa Brigida<\/em>\u00a0nella Chiesa di San Paolo in Roma, pubblicato in varie lingue.<br\/>Poich\u00e9 in questo libretto viene affermato che Dio abbia fatto alcune promesse a Santa Brigida,\u00a0<em>della cui origine soprannaturale in nessun modo consta<\/em> (de quarum origine supernaturali\u00a0<em>nullo modo constat<\/em>), si guardino gli Ordinari del luogo (i.e. i Vescovi) dal concedere il permesso di pubblicare o di nuovo ristampare (<em>caveant Ordinarii locorum ne licentiam concedant edendi vel denuo impremendi<\/em>) gli opuscoli e che gli scritti che contengono queste promesse\u201d<em>Acta Apostolicae Sedis<\/em>, XLVI (1954), 64) (fonte: <a rel=\"noreferrer noopener\" href=\"https:\/\/www.amicidomenicani.it\/che-cosa-si-deve-pensare-delle-promesse-legate-alle-preghiere-di-santa-brigida\/\" target=\"_blank\">amicidomenicani.it<\/a>).<br\/><br\/><strong>La salvezza si ottiene con la fede e la frequenza ai sacramenti e, in generale, osservando tutte le prescrizioni che la Chiesa, come madre, ci offre. <\/strong>Non esistono \u201cscorciatoie\u201d rispetto a quello che la Chiesa ci indica n\u00e9, per altro verso, si pu\u00f2 pensare di ottenere la salvezza come mera \u201cmerce di scambio\u201d per aver fatto determinate azioni, anche se lodevoli come la recita di queste orazioni.\u00a0<br\/>\u00a0<br\/>A prescindere dalla affidabilit\u00e0 delle \u201cpromesse\u201d, le preghiere sono di una bellezza e profondit\u00e0 uniche e consentono realmente di incrementare il fervore e l\u2019amore verso Ges\u00f9 sofferente. Anche la consolazione spirituale che donano all\u2019anima che le recita \u00e8 notevole.\u00a0<br\/><br\/><a href=\"https:\/\/orazionisantabrigida.com\/osb\/orazioni-di-s-brigida\/\">Vai alle Orazioni di S. Brigida<\/a><strong><br\/><\/strong><br\/>Pare opportuno comunque riportare qui le \u201cpromesse\u201d che sarebbero state date da Ges\u00f9 a S. Brigida nell\u2019ambito delle c.d. \u201crivelazioni private\u201d, perch\u00e9 consentono di apprezzare l\u2019infinito amore del Signore per le anime.<br\/>Ecco cosa sarebbe stato promesso da Ges\u00f9 per la recita fedele delle 15 orazioni per un anno:<br\/><br\/>1.  Liberer\u00e0 dal Purgatorio 15 anime della sua stirpe.<br\/>2. 15 giusti della sua stirpe saranno confermati e conservati in grazia.<br\/>3. 15 peccatori della sua stirpe si convertiranno.<br\/>4. La persona che le dir\u00e0 avr\u00e0 il primo grado di perfezione.<br\/>5. 15 giorni prima di morire ricever\u00e0 il mio prezioso Corpo in modo che sar\u00e0 liberato dalla fame eterna e berr\u00e0 il mio prezioso Sangue perch\u00e9 non abbia sete in eterno.<br\/>6. 15 giorni prima di morire avr\u00e0 una perfetta conoscenza e contrizione amara di tutti i suoi peccati.<br\/>7. Metter\u00f2 il segno della mia Croce vittoriosa davanti a lei per soccorrerla e difenderla contro gli attacchi dei suoi nemici.<br\/>8. Prima della sua morte io verr\u00f2 da lei con la mia amatissima e cara Madre.<br\/>9. Ricever\u00f2 benignamente la sua anima e la condurr\u00f2 alle gioie eterne.<br\/>10. E conducendola fino l\u00e0, io le dar\u00f2 con singolare tratto da bere alla fonte della mia Deit\u00e0; cosa che non far\u00f2 con quelli che non avranno recitato queste Orazioni.<br\/>11. Occorre sapere che chiunque avesse vissuto durante 30 anni in peccato mortale e dir\u00e0 devotamente o si sarebbe proposto di dire queste Orazioni, io gli perdoner\u00f2 tutti i suoi peccati.<br\/>12. Lo difender\u00f2 dalle tentazioni.<br\/>13. Gli conserver\u00f2 i suoi 5 sensi.<br\/>14. Lo preserver\u00f2 dalla morte improvvisa.<br\/>15. Salver\u00f2 la sua anima dalle pene eterne.<br\/>16. Otterr\u00e0 tutto quello che domander\u00e0 a Dio e alla Santa Vergine Maria.<br\/>17. Se avesse vissuto sempre secondo la sua volont\u00e0 e avesse dovuto morire domani, la sua vita si prolungher\u00e0.<br\/>18. Tutte le volte che reciter\u00e0 queste orazioni guadagner\u00e0 l\u2019indulgenza parziale.<br\/>19. Sar\u00e0 sicuro di essere aggiunto al coro degli Angeli.<br\/>20. Se qualcuno le insegner\u00e0 ad un altro, avr\u00e0 gioia e merito senza fine, che saranno stabili sulla terra e dureranno eternamente in Cielo.<br\/>21. Dove sono e saranno dette queste orazioni, Dio \u00e8 presente con la sua grazia\u201d.<br\/><br\/><a href=\"https:\/\/orazionisantabrigida.com\/osb\/orazioni-di-s-brigida\/\">Vai alle Orazioni di S. Brigida<\/a><\/div><\/div><\/div>\n\n\n\n<p><\/p>\n","protected":false},"excerpt":{"rendered":"<p>Risposte a domande frequenti sulle Orazioni di S. Brigida. La sezione \u00e8 in aggiornamento<\/p>\n","protected":false},"author":1,"featured_media":0,"parent":0,"menu_order":0,"comment_status":"closed","ping_status":"closed","template":"","meta":{"footnotes":""},"class_list":["post-158","page","type-page","status-publish","hentry"],"yoast_head":"<!-- This site is optimized with the Yoast SEO plugin v26.0 - https:\/\/yoast.com\/wordpress\/plugins\/seo\/ -->\n<title>FAQ - Risposte a domande frequenti - Orazioni di Santa Brigida<\/title>\n<meta name=\"robots\" content=\"index, follow, max-snippet:-1, max-image-preview:large, max-video-preview:-1\" \/>\n<link rel=\"canonical\" href=\"https:\/\/orazionisantabrigida.com\/osb\/faq\/\" \/>\n<meta property=\"og:locale\" content=\"it_IT\" \/>\n<meta property=\"og:type\" content=\"article\" \/>\n<meta property=\"og:title\" content=\"FAQ - Risposte a domande frequenti - Orazioni di Santa Brigida\" \/>\n<meta property=\"og:description\" content=\"Risposte a domande frequenti sulle Orazioni di S. Brigida. La sezione \u00e8 in aggiornamento\" \/>\n<meta property=\"og:url\" content=\"https:\/\/orazionisantabrigida.com\/osb\/faq\/\" \/>\n<meta property=\"og:site_name\" content=\"Orazioni di Santa Brigida\" \/>\n<meta property=\"article:modified_time\" content=\"2023-02-18T13:43:03+00:00\" \/>\n<meta name=\"twitter:card\" content=\"summary_large_image\" \/>\n<meta name=\"twitter:label1\" content=\"Tempo di lettura stimato\" \/>\n\t<meta name=\"twitter:data1\" content=\"4 minuti\" \/>\n<script type=\"application\/ld+json\" class=\"yoast-schema-graph\">{\"@context\":\"https:\/\/schema.org\",\"@graph\":[{\"@type\":\"WebPage\",\"@id\":\"https:\/\/orazionisantabrigida.com\/osb\/faq\/\",\"url\":\"https:\/\/orazionisantabrigida.com\/osb\/faq\/\",\"name\":\"FAQ - Risposte a domande frequenti - Orazioni di Santa Brigida\",\"isPartOf\":{\"@id\":\"https:\/\/orazionisantabrigida.com\/osb\/#website\"},\"datePublished\":\"2023-02-16T16:15:18+00:00\",\"dateModified\":\"2023-02-18T13:43:03+00:00\",\"breadcrumb\":{\"@id\":\"https:\/\/orazionisantabrigida.com\/osb\/faq\/#breadcrumb\"},\"inLanguage\":\"it-IT\",\"potentialAction\":[{\"@type\":\"ReadAction\",\"target\":[\"https:\/\/orazionisantabrigida.com\/osb\/faq\/\"]}]},{\"@type\":\"BreadcrumbList\",\"@id\":\"https:\/\/orazionisantabrigida.com\/osb\/faq\/#breadcrumb\",\"itemListElement\":[{\"@type\":\"ListItem\",\"position\":1,\"name\":\"Home\",\"item\":\"https:\/\/orazionisantabrigida.com\/osb\/\"},{\"@type\":\"ListItem\",\"position\":2,\"name\":\"FAQ &#8211; Risposte a domande frequenti\"}]},{\"@type\":\"WebSite\",\"@id\":\"https:\/\/orazionisantabrigida.com\/osb\/#website\",\"url\":\"https:\/\/orazionisantabrigida.com\/osb\/\",\"name\":\"Orazioni di Santa Brigida di Svezia\",\"description\":\"Sito dedicato alle Orazioni di S. Brigida di Svezia\",\"publisher\":{\"@id\":\"https:\/\/orazionisantabrigida.com\/osb\/#organization\"},\"potentialAction\":[{\"@type\":\"SearchAction\",\"target\":{\"@type\":\"EntryPoint\",\"urlTemplate\":\"https:\/\/orazionisantabrigida.com\/osb\/?s={search_term_string}\"},\"query-input\":{\"@type\":\"PropertyValueSpecification\",\"valueRequired\":true,\"valueName\":\"search_term_string\"}}],\"inLanguage\":\"it-IT\"},{\"@type\":\"Organization\",\"@id\":\"https:\/\/orazionisantabrigida.com\/osb\/#organization\",\"name\":\"Orazioni di Santa Brigida di Svezia\",\"url\":\"https:\/\/orazionisantabrigida.com\/osb\/\",\"logo\":{\"@type\":\"ImageObject\",\"inLanguage\":\"it-IT\",\"@id\":\"https:\/\/orazionisantabrigida.com\/osb\/#\/schema\/logo\/image\/\",\"url\":\"https:\/\/orazionisantabrigida.com\/osb\/wp-content\/uploads\/2023\/02\/image-e1676290196941.jpeg\",\"contentUrl\":\"https:\/\/orazionisantabrigida.com\/osb\/wp-content\/uploads\/2023\/02\/image-e1676290196941.jpeg\",\"width\":1920,\"height\":1164,\"caption\":\"Orazioni di Santa Brigida di Svezia\"},\"image\":{\"@id\":\"https:\/\/orazionisantabrigida.com\/osb\/#\/schema\/logo\/image\/\"}}]}<\/script>\n<!-- \/ Yoast SEO plugin. -->","yoast_head_json":{"title":"FAQ - Risposte a domande frequenti - Orazioni di Santa Brigida","robots":{"index":"index","follow":"follow","max-snippet":"max-snippet:-1","max-image-preview":"max-image-preview:large","max-video-preview":"max-video-preview:-1"},"canonical":"https:\/\/orazionisantabrigida.com\/osb\/faq\/","og_locale":"it_IT","og_type":"article","og_title":"FAQ - Risposte a domande frequenti - Orazioni di Santa Brigida","og_description":"Risposte a domande frequenti sulle Orazioni di S. Brigida. La sezione \u00e8 in aggiornamento","og_url":"https:\/\/orazionisantabrigida.com\/osb\/faq\/","og_site_name":"Orazioni di Santa Brigida","article_modified_time":"2023-02-18T13:43:03+00:00","twitter_card":"summary_large_image","twitter_misc":{"Tempo di lettura stimato":"4 minuti"},"schema":{"@context":"https:\/\/schema.org","@graph":[{"@type":"WebPage","@id":"https:\/\/orazionisantabrigida.com\/osb\/faq\/","url":"https:\/\/orazionisantabrigida.com\/osb\/faq\/","name":"FAQ - Risposte a domande frequenti - Orazioni di Santa Brigida","isPartOf":{"@id":"https:\/\/orazionisantabrigida.com\/osb\/#website"},"datePublished":"2023-02-16T16:15:18+00:00","dateModified":"2023-02-18T13:43:03+00:00","breadcrumb":{"@id":"https:\/\/orazionisantabrigida.com\/osb\/faq\/#breadcrumb"},"inLanguage":"it-IT","potentialAction":[{"@type":"ReadAction","target":["https:\/\/orazionisantabrigida.com\/osb\/faq\/"]}]},{"@type":"BreadcrumbList","@id":"https:\/\/orazionisantabrigida.com\/osb\/faq\/#breadcrumb","itemListElement":[{"@type":"ListItem","position":1,"name":"Home","item":"https:\/\/orazionisantabrigida.com\/osb\/"},{"@type":"ListItem","position":2,"name":"FAQ &#8211; Risposte a domande frequenti"}]},{"@type":"WebSite","@id":"https:\/\/orazionisantabrigida.com\/osb\/#website","url":"https:\/\/orazionisantabrigida.com\/osb\/","name":"Orazioni di Santa Brigida di Svezia","description":"Sito dedicato alle Orazioni di S. Brigida di Svezia","publisher":{"@id":"https:\/\/orazionisantabrigida.com\/osb\/#organization"},"potentialAction":[{"@type":"SearchAction","target":{"@type":"EntryPoint","urlTemplate":"https:\/\/orazionisantabrigida.com\/osb\/?s={search_term_string}"},"query-input":{"@type":"PropertyValueSpecification","valueRequired":true,"valueName":"search_term_string"}}],"inLanguage":"it-IT"},{"@type":"Organization","@id":"https:\/\/orazionisantabrigida.com\/osb\/#organization","name":"Orazioni di Santa Brigida di Svezia","url":"https:\/\/orazionisantabrigida.com\/osb\/","logo":{"@type":"ImageObject","inLanguage":"it-IT","@id":"https:\/\/orazionisantabrigida.com\/osb\/#\/schema\/logo\/image\/","url":"https:\/\/orazionisantabrigida.com\/osb\/wp-content\/uploads\/2023\/02\/image-e1676290196941.jpeg","contentUrl":"https:\/\/orazionisantabrigida.com\/osb\/wp-content\/uploads\/2023\/02\/image-e1676290196941.jpeg","width":1920,"height":1164,"caption":"Orazioni di Santa Brigida di Svezia"},"image":{"@id":"https:\/\/orazionisantabrigida.com\/osb\/#\/schema\/logo\/image\/"}}]}},"_links":{"self":[{"href":"https:\/\/orazionisantabrigida.com\/osb\/wp-json\/wp\/v2\/pages\/158","targetHints":{"allow":["GET"]}}],"collection":[{"href":"https:\/\/orazionisantabrigida.com\/osb\/wp-json\/wp\/v2\/pages"}],"about":[{"href":"https:\/\/orazionisantabrigida.com\/osb\/wp-json\/wp\/v2\/types\/page"}],"author":[{"embeddable":true,"href":"https:\/\/orazionisantabrigida.com\/osb\/wp-json\/wp\/v2\/users\/1"}],"replies":[{"embeddable":true,"href":"https:\/\/orazionisantabrigida.com\/osb\/wp-json\/wp\/v2\/comments?post=158"}],"version-history":[{"count":14,"href":"https:\/\/orazionisantabrigida.com\/osb\/wp-json\/wp\/v2\/pages\/158\/revisions"}],"predecessor-version":[{"id":191,"href":"https:\/\/orazionisantabrigida.com\/osb\/wp-json\/wp\/v2\/pages\/158\/revisions\/191"}],"wp:attachment":[{"href":"https:\/\/orazionisantabrigida.com\/osb\/wp-json\/wp\/v2\/media?parent=158"}],"curies":[{"name":"wp","href":"https:\/\/api.w.org\/{rel}","templated":true}]}}